{"id":5191,"date":"2025-04-24T08:24:41","date_gmt":"2025-04-24T06:24:41","guid":{"rendered":"https:\/\/willy-remscheid.de\/wr-kontakt\/"},"modified":"2025-07-18T08:19:20","modified_gmt":"2025-07-18T06:19:20","slug":"contact","status":"publish","type":"page","link":"https:\/\/willy-remscheid.de\/en\/contact\/","title":{"rendered":"Contact"},"content":{"rendered":"<p>[et_pb_section fb_built=&#8221;1&#8243; fullwidth=&#8221;on&#8221; _builder_version=&#8221;4.16&#8243; locked=&#8221;off&#8221; global_colors_info=&#8221;{}&#8221;][et_pb_fullwidth_slider _builder_version=&#8221;4.27.4&#8243; _module_preset=&#8221;default&#8221; header_level=&#8221;h1&#8243; body_text_color=&#8221;#FFFFFF&#8221; body_font_size=&#8221;44px&#8221; body_line_height=&#8221;1.6em&#8221; background_image=&#8221;https:\/\/willy-remscheid.de\/wp-content\/uploads\/wr-master-slider.png&#8221; height=&#8221;499px&#8221; height_tablet=&#8221;499px&#8221; height_phone=&#8221;300px&#8221; height_last_edited=&#8221;on|phone&#8221; max_height_tablet=&#8221;&#8221; max_height_phone=&#8221;&#8221; max_height_last_edited=&#8221;on|desktop&#8221; body_font_last_edited=&#8221;off|desktop&#8221; body_font_size_tablet=&#8221;44px&#8221; body_font_size_phone=&#8221;33px&#8221; body_font_size_last_edited=&#8221;on|phone&#8221; body_line_height_tablet=&#8221;1.6em&#8221; body_line_height_phone=&#8221;1.5em&#8221; body_line_height_last_edited=&#8221;on|desktop&#8221; header_text_shadow_style=&#8221;preset1&#8243; body_text_shadow_style=&#8221;preset1&#8243; global_colors_info=&#8221;{}&#8221;][et_pb_slide _builder_version=&#8221;4.27.4&#8243; _module_preset=&#8221;default&#8221; global_colors_info=&#8221;{}&#8221; sticky_transition=&#8221;on&#8221;]Contact[\/et_pb_slide][\/et_pb_fullwidth_slider][\/et_pb_section][et_pb_section fb_built=&#8221;1&#8243; _builder_version=&#8221;4.27.4&#8243; _module_preset=&#8221;default&#8221; collapsed=&#8221;off&#8221; global_colors_info=&#8221;{}&#8221;][et_pb_row _builder_version=&#8221;4.27.4&#8243; _module_preset=&#8221;default&#8221; global_colors_info=&#8221;{}&#8221;][et_pb_column type=&#8221;4_4&#8243; _builder_version=&#8221;4.27.4&#8243; _module_preset=&#8221;default&#8221; global_colors_info=&#8221;{}&#8221;][et_pb_text _builder_version=&#8221;4.27.4&#8243; _module_preset=&#8221;default&#8221; global_colors_info=&#8221;{}&#8221;]<\/p>\n<h1>Contact<\/h1>\n<p>[\/et_pb_text][\/et_pb_column][\/et_pb_row][et_pb_row column_structure=&#8221;3_5,2_5&#8243; _builder_version=&#8221;4.27.4&#8243; _module_preset=&#8221;default&#8221; global_colors_info=&#8221;{}&#8221;][et_pb_column type=&#8221;3_5&#8243; _builder_version=&#8221;4.27.4&#8243; _module_preset=&#8221;default&#8221; global_colors_info=&#8221;{}&#8221;][et_pb_text _builder_version=&#8221;4.27.4&#8243; _module_preset=&#8221;default&#8221; global_colors_info=&#8221;{}&#8221;]<\/p>\n\n<div class=\"wpcf7 no-js\" id=\"wpcf7-f5207-o1\" lang=\"de-DE\" dir=\"ltr\" data-wpcf7-id=\"5207\">\n<div class=\"screen-reader-response\"><p role=\"status\" aria-live=\"polite\" aria-atomic=\"true\"><\/p> <ul><\/ul><\/div>\n<form action=\"\/en\/wp-json\/wp\/v2\/pages\/5191#wpcf7-f5207-o1\" method=\"post\" class=\"wpcf7-form init wpcf7-acceptance-as-validation\" aria-label=\"Kontaktformular\" novalidate=\"novalidate\" data-status=\"init\">\n<fieldset class=\"hidden-fields-container\"><input type=\"hidden\" name=\"_wpcf7\" value=\"5207\" \/><input type=\"hidden\" name=\"_wpcf7_version\" value=\"6.1.5\" \/><input type=\"hidden\" name=\"_wpcf7_locale\" value=\"de_DE\" \/><input type=\"hidden\" name=\"_wpcf7_unit_tag\" value=\"wpcf7-f5207-o1\" \/><input type=\"hidden\" name=\"_wpcf7_container_post\" value=\"0\" \/><input type=\"hidden\" name=\"_wpcf7_posted_data_hash\" value=\"\" \/>\n<\/fieldset>\n<p class=\"contactblack\">Company *\n<\/p>\n<p><span class=\"wpcf7-form-control-wrap\" data-name=\"unternehmen\"><input size=\"40\" maxlength=\"400\" class=\"wpcf7-form-control wpcf7-text wpcf7-validates-as-required contactform\" aria-required=\"true\" aria-invalid=\"false\" value=\"\" type=\"text\" name=\"unternehmen\" \/><\/span>\n<\/p>\n<p class=\"contactblack\">First name *\n<\/p>\n<p><span class=\"wpcf7-form-control-wrap\" data-name=\"vorname\"><input size=\"40\" maxlength=\"400\" class=\"wpcf7-form-control wpcf7-text wpcf7-validates-as-required contactform\" aria-required=\"true\" aria-invalid=\"false\" value=\"\" type=\"text\" name=\"vorname\" \/><\/span>\n<\/p>\n<p class=\"contactblack\">Last name *\n<\/p>\n<p><span class=\"wpcf7-form-control-wrap\" data-name=\"nachname\"><input size=\"40\" maxlength=\"400\" class=\"wpcf7-form-control wpcf7-text wpcf7-validates-as-required contactform\" aria-required=\"true\" aria-invalid=\"false\" value=\"\" type=\"text\" name=\"nachname\" \/><\/span>\n<\/p>\n<p class=\"contactblack\">Phone *\n<\/p>\n<p><span class=\"wpcf7-form-control-wrap\" data-name=\"phone\"><input size=\"40\" maxlength=\"400\" class=\"wpcf7-form-control wpcf7-text wpcf7-validates-as-required contactform\" aria-required=\"true\" aria-invalid=\"false\" value=\"\" type=\"text\" name=\"phone\" \/><\/span>\n<\/p>\n<p class=\"contactblack\">E-Mail *\n<\/p>\n<p><span class=\"wpcf7-form-control-wrap\" data-name=\"email\"><input size=\"40\" maxlength=\"400\" class=\"wpcf7-form-control wpcf7-email wpcf7-validates-as-required wpcf7-text wpcf7-validates-as-email contactform\" aria-required=\"true\" aria-invalid=\"false\" value=\"\" type=\"email\" name=\"email\" \/><\/span>\n<\/p>\n<p class=\"contactblack\">Message *\n<\/p>\n<p><span class=\"wpcf7-form-control-wrap\" data-name=\"nachricht\"><textarea cols=\"40\" rows=\"10\" maxlength=\"2000\" class=\"wpcf7-form-control wpcf7-textarea wpcf7-validates-as-required contactformmessage\" id=\"anmerkungen\" aria-required=\"true\" aria-invalid=\"false\" name=\"nachricht\"><\/textarea><\/span>\n<\/p>\n<div class=\"zustimmen\">\n\t<p><span class=\"wpcf7-form-control-wrap\" data-name=\"Zustimmung\"><span class=\"wpcf7-form-control wpcf7-acceptance\"><span class=\"wpcf7-list-item\"><input type=\"checkbox\" name=\"Zustimmung\" value=\"1\" class=\"abstandaccept\" id=\"zustimmung\" aria-invalid=\"false\" \/><\/span><\/span><\/span> I agree to the <a href=\"https:\/\/willy-remscheid.de\/en\/privacy-policy\/\" target=\"_blank\">privacy policy<\/a>. *\n\t<\/p>\n<\/div>\n<div class=\"response\">\n<div class=\"wpcf7-response-output\" aria-hidden=\"true\"><\/div>\n<\/div>\n<p><input class=\"wpcf7-form-control wpcf7-submit has-spinner absenden\" type=\"submit\" value=\"Send\" \/>\n<\/p>\n\n<\/form>\n<\/div>\n\n<p>* Required fields<\/p>\n<p>[\/et_pb_text][\/et_pb_column][et_pb_column type=&#8221;2_5&#8243; _builder_version=&#8221;4.27.4&#8243; _module_preset=&#8221;default&#8221; global_colors_info=&#8221;{}&#8221;][et_pb_text _builder_version=&#8221;4.27.4&#8243; _module_preset=&#8221;default&#8221; background_color=&#8221;#e9e9e9&#8243; custom_padding=&#8221;20px|20px|20px|20px|false|false&#8221; hover_enabled=&#8221;0&#8243; border_radii=&#8221;on|10px|10px|10px|10px&#8221; global_colors_info=&#8221;{}&#8221; sticky_enabled=&#8221;0&#8243;]<\/p>\n<h2>How to reach us<\/h2>\n<p><span style=\"color: #cc0000;\">Willy Remscheid<br \/>\nGalvanische Anstalt GmbH<\/span><br \/>\nL\u00fcneschlo\u00dfstra\u00dfe 73<br \/>\n42657 Solingen<br \/>\nGermany<\/p>\n<p>Phone: +49 (0) 212 \/ 248 41-0<br \/>\nFax: +49 (0) 212 \/ 248 41-10<br \/>\n<a href=\"mailto:info@willy-remscheid.de\"> info@willy-remscheid.de<\/a><br \/>\n<a href=\"https:\/\/www.willy-remscheid.de\">www.willy-remscheid.de<\/a><\/p>\n<p>Social Media:<br \/>\n<a href=\"https:\/\/www.facebook.com\/willyremscheid\/\" target=\"_blank\" rel=\"noopener\"><img wpfc-lazyload-disable=\"true\" loading=\"lazy\" decoding=\"async\" src=\"https:\/\/willy-remscheid.de\/wp-content\/uploads\/fb-red.png\" width=\"25\" height=\"25\" alt=\"\" class=\"wp-image-5493 alignnone size-full\" \/><\/a> <a href=\"https:\/\/www.linkedin.com\/company\/willyremscheid\/\" target=\"_blank\" rel=\"noopener\"><img wpfc-lazyload-disable=\"true\" loading=\"lazy\" decoding=\"async\" src=\"https:\/\/willy-remscheid.de\/wp-content\/uploads\/in-red.png\" width=\"25\" height=\"25\" alt=\"\" class=\"wp-image-5497 alignnone size-medium\" \/><\/a> <a href=\"https:\/\/www.instagram.com\/willyremscheid\/\" target=\"_blank\" rel=\"noopener\"><img wpfc-lazyload-disable=\"true\" loading=\"lazy\" decoding=\"async\" src=\"https:\/\/willy-remscheid.de\/wp-content\/uploads\/ig-red.png\" width=\"25\" height=\"25\" alt=\"\" class=\"wp-image-5495 alignnone size-full\" \/><\/a> <a href=\"https:\/\/www.xing.com\/companies\/willyremscheidgalvanischeanstaltgmbh\/\" target=\"_blank\" rel=\"noopener\"><img wpfc-lazyload-disable=\"true\" loading=\"lazy\" decoding=\"async\" src=\"https:\/\/willy-remscheid.de\/wp-content\/uploads\/xing-red.png\" width=\"25\" height=\"25\" alt=\"\" class=\"wp-image-5499 alignnone size-medium\" \/><\/a><\/p>\n<p>Business hours:<br \/>\nMonday \u2013 Friday<br \/>\n8:00 a.m. \u2013 4:30 p.m.[\/et_pb_text][\/et_pb_column][\/et_pb_row][\/et_pb_section][et_pb_section fb_built=&#8221;1&#8243; _builder_version=&#8221;4.27.4&#8243; background_color=&#8221;#e9e9e9&#8243; custom_padding=&#8221;0px||2px|||&#8221; global_colors_info=&#8221;{}&#8221;][et_pb_row _builder_version=&#8221;4.27.4&#8243; _module_preset=&#8221;default&#8221; global_colors_info=&#8221;{}&#8221;][et_pb_column type=&#8221;4_4&#8243; _builder_version=&#8221;4.27.4&#8243; _module_preset=&#8221;default&#8221; global_colors_info=&#8221;{}&#8221;][et_pb_text _builder_version=&#8221;4.27.4&#8243; _module_preset=&#8221;default&#8221; global_colors_info=&#8221;{}&#8221;]<\/p>\n<h2>Your contact persons<\/h2>\n<p>[\/et_pb_text][\/et_pb_column][\/et_pb_row][et_pb_row column_structure=&#8221;1_2,1_2&#8243; padding_mobile=&#8221;off&#8221; column_padding_mobile=&#8221;on&#8221; admin_label=&#8221;row&#8221; _builder_version=&#8221;4.27.4&#8243; background_color=&#8221;RGBA(255,255,255,0)&#8221; background_size=&#8221;initial&#8221; background_position=&#8221;top_left&#8221; background_repeat=&#8221;repeat&#8221; global_colors_info=&#8221;{}&#8221;][et_pb_column type=&#8221;1_2&#8243; _builder_version=&#8221;4.16&#8243; custom_padding=&#8221;|||&#8221; global_colors_info=&#8221;{}&#8221; custom_padding__hover=&#8221;|||&#8221;][et_pb_text _builder_version=&#8221;4.27.4&#8243; _module_preset=&#8221;default&#8221; background_color=&#8221;RGBA(255,255,255,0)&#8221; global_colors_info=&#8221;{}&#8221;]<\/p>\n<p><img loading=\"lazy\" decoding=\"async\" class=\"alignnone wp-image-5944 \" src=\"https:\/\/willy-remscheid.de\/wp-content\/uploads\/wasmund.png\" alt=\"Kai Wasmund \" width=\"250\" height=\"250\" srcset=\"https:\/\/willy-remscheid.de\/wp-content\/uploads\/wasmund.png 400w, https:\/\/willy-remscheid.de\/wp-content\/uploads\/wasmund-300x300.png 300w, https:\/\/willy-remscheid.de\/wp-content\/uploads\/wasmund-100x100.png 100w\" sizes=\"(max-width: 250px) 100vw, 250px\" \/><\/p>\n<p><strong>Kai Wasmund<\/strong><br \/>Operations Manager<br \/>Phone: +49 (0) 212 \/ 24841-15<br \/><a href=\"mailto:k.wasmund@willy-remscheid.de\">k.wasmund@willy-remscheid.de<\/a><\/p>\n<p>[\/et_pb_text][\/et_pb_column][et_pb_column type=&#8221;1_2&#8243; _builder_version=&#8221;4.16&#8243; custom_padding=&#8221;|||&#8221; global_colors_info=&#8221;{}&#8221; custom_padding__hover=&#8221;|||&#8221;][et_pb_text _builder_version=&#8221;4.27.4&#8243; _module_preset=&#8221;default&#8221; background_color=&#8221;RGBA(255,255,255,0)&#8221; global_colors_info=&#8221;{}&#8221;]<\/p>\n<p><img loading=\"lazy\" decoding=\"async\" class=\"alignnone wp-image-5946 \" src=\"https:\/\/willy-remscheid.de\/wp-content\/uploads\/guenduez.png\" alt=\"\u00d6zg\u00fcl G\u00fcnd\u00fcz\" width=\"250\" height=\"250\" srcset=\"https:\/\/willy-remscheid.de\/wp-content\/uploads\/guenduez.png 400w, https:\/\/willy-remscheid.de\/wp-content\/uploads\/guenduez-300x300.png 300w, https:\/\/willy-remscheid.de\/wp-content\/uploads\/guenduez-100x100.png 100w\" sizes=\"(max-width: 250px) 100vw, 250px\" \/><\/p>\n<p><strong>\u00d6zg\u00fcl G\u00fcnd\u00fcz<\/strong><br \/>Key Account Manager<br \/>Phone: +49 (0) 212 \/ 24841-33<br \/><a href=\"mailto:guenduez@willy-remscheid.de\">guenduez@willy-remscheid.de<\/a><\/p>\n<p>[\/et_pb_text][\/et_pb_column][\/et_pb_row][\/et_pb_section]<\/p>\n","protected":false},"excerpt":{"rendered":"<p>ContactContact\n<div class=\"wpcf7 no-js\" id=\"wpcf7-f5207-o2\" lang=\"de-DE\" dir=\"ltr\" data-wpcf7-id=\"5207\">\n<div class=\"screen-reader-response\"><p role=\"status\" aria-live=\"polite\" aria-atomic=\"true\"><\/p> <ul><\/ul><\/div>\n<form action=\"\/en\/wp-json\/wp\/v2\/pages\/5191#wpcf7-f5207-o2\" method=\"post\" class=\"wpcf7-form init wpcf7-acceptance-as-validation\" aria-label=\"Kontaktformular\" novalidate=\"novalidate\" data-status=\"init\">\n<fieldset class=\"hidden-fields-container\"><input type=\"hidden\" name=\"_wpcf7\" value=\"5207\" \/><input type=\"hidden\" name=\"_wpcf7_version\" value=\"6.1.5\" \/><input type=\"hidden\" name=\"_wpcf7_locale\" value=\"de_DE\" \/><input type=\"hidden\" name=\"_wpcf7_unit_tag\" value=\"wpcf7-f5207-o2\" \/><input type=\"hidden\" name=\"_wpcf7_container_post\" value=\"0\" \/><input type=\"hidden\" name=\"_wpcf7_posted_data_hash\" value=\"\" \/>\n<\/fieldset>\n<p class=\"contactblack\">Company *\n<\/p>\n<p><span class=\"wpcf7-form-control-wrap\" data-name=\"unternehmen\"><input size=\"40\" maxlength=\"400\" class=\"wpcf7-form-control wpcf7-text wpcf7-validates-as-required contactform\" aria-required=\"true\" aria-invalid=\"false\" value=\"\" type=\"text\" name=\"unternehmen\" \/><\/span>\n<\/p>\n<p class=\"contactblack\">First name *\n<\/p>\n<p><span class=\"wpcf7-form-control-wrap\" data-name=\"vorname\"><input size=\"40\" maxlength=\"400\" class=\"wpcf7-form-control wpcf7-text wpcf7-validates-as-required contactform\" aria-required=\"true\" aria-invalid=\"false\" value=\"\" type=\"text\" name=\"vorname\" \/><\/span>\n<\/p>\n<p class=\"contactblack\">Last name *\n<\/p>\n<p><span class=\"wpcf7-form-control-wrap\" data-name=\"nachname\"><input size=\"40\" maxlength=\"400\" class=\"wpcf7-form-control wpcf7-text wpcf7-validates-as-required contactform\" aria-required=\"true\" aria-invalid=\"false\" value=\"\" type=\"text\" name=\"nachname\" \/><\/span>\n<\/p>\n<p class=\"contactblack\">Phone *\n<\/p>\n<p><span class=\"wpcf7-form-control-wrap\" data-name=\"phone\"><input size=\"40\" maxlength=\"400\" class=\"wpcf7-form-control wpcf7-text wpcf7-validates-as-required contactform\" aria-required=\"true\" aria-invalid=\"false\" value=\"\" type=\"text\" name=\"phone\" \/><\/span>\n<\/p>\n<p class=\"contactblack\">E-Mail *\n<\/p>\n<p><span class=\"wpcf7-form-control-wrap\" data-name=\"email\"><input size=\"40\" maxlength=\"400\" class=\"wpcf7-form-control wpcf7-email wpcf7-validates-as-required wpcf7-text wpcf7-validates-as-email contactform\" aria-required=\"true\" aria-invalid=\"false\" value=\"\" type=\"email\" name=\"email\" \/><\/span>\n<\/p>\n<p class=\"contactblack\">Message *\n<\/p>\n<p><span class=\"wpcf7-form-control-wrap\" data-name=\"nachricht\"><textarea cols=\"40\" rows=\"10\" maxlength=\"2000\" class=\"wpcf7-form-control wpcf7-textarea wpcf7-validates-as-required contactformmessage\" aria-required=\"true\" aria-invalid=\"false\" name=\"nachricht\"><\/textarea><\/span>\n<\/p>\n<div class=\"zustimmen\">\n\t<p><span class=\"wpcf7-form-control-wrap\" data-name=\"Zustimmung\"><span class=\"wpcf7-form-control wpcf7-acceptance\"><span class=\"wpcf7-list-item\"><input type=\"checkbox\" name=\"Zustimmung\" value=\"1\" class=\"abstandaccept\" aria-invalid=\"false\" \/><\/span><\/span><\/span> I agree to the <a href=\"https:\/\/willy-remscheid.de\/en\/privacy-policy\/\" target=\"_blank\">privacy policy<\/a>. *\n\t<\/p>\n<\/div>\n<div class=\"response\">\n<div class=\"wpcf7-response-output\" aria-hidden=\"true\"><\/div>\n<\/div>\n<p><input class=\"wpcf7-form-control wpcf7-submit has-spinner absenden\" type=\"submit\" value=\"Send\" \/>\n<\/p>\n\n<\/form>\n<\/div>\n * Required fieldsHow to reach us Willy Remscheid Galvanische Anstalt GmbH L\u00fcneschlo\u00dfstra\u00dfe 73 42657 Solingen Germany Phone: +49 (0) 212 \/ 248 41-0 Fax: +49 (0) 212 \/ 248 41-10 info@willy-remscheid.de www.willy-remscheid.de Social Media: Business hours: Monday \u2013 Friday 8:00 a.m. \u2013 4:30 p.m.Your contact persons Kai WasmundOperations ManagerPhone: +49 (0) [&hellip;]<\/p>\n","protected":false},"author":13,"featured_media":0,"parent":0,"menu_order":0,"comment_status":"closed","ping_status":"closed","template":"","meta":{"_et_pb_use_builder":"on","_et_pb_old_content":"","_et_gb_content_width":"","slim_seo":{"title":"Contact - Willy Remscheid","description":"Contact Contact * Required fields How to reach us Willy Remscheid Galvanische Anstalt GmbH L\u00fcneschlo\u00dfstra\u00dfe 73 42657 Solingen Germany Phone: +49 (0) 212 \/ 248 4"},"footnotes":""},"class_list":["post-5191","page","type-page","status-publish","hentry"],"_links":{"self":[{"href":"https:\/\/willy-remscheid.de\/en\/wp-json\/wp\/v2\/pages\/5191","targetHints":{"allow":["GET"]}}],"collection":[{"href":"https:\/\/willy-remscheid.de\/en\/wp-json\/wp\/v2\/pages"}],"about":[{"href":"https:\/\/willy-remscheid.de\/en\/wp-json\/wp\/v2\/types\/page"}],"author":[{"embeddable":true,"href":"https:\/\/willy-remscheid.de\/en\/wp-json\/wp\/v2\/users\/13"}],"replies":[{"embeddable":true,"href":"https:\/\/willy-remscheid.de\/en\/wp-json\/wp\/v2\/comments?post=5191"}],"version-history":[{"count":0,"href":"https:\/\/willy-remscheid.de\/en\/wp-json\/wp\/v2\/pages\/5191\/revisions"}],"wp:attachment":[{"href":"https:\/\/willy-remscheid.de\/en\/wp-json\/wp\/v2\/media?parent=5191"}],"curies":[{"name":"wp","href":"https:\/\/api.w.org\/{rel}","templated":true}]}}