{"id":5388,"date":"2025-05-06T08:17:28","date_gmt":"2025-05-06T06:17:28","guid":{"rendered":"https:\/\/willy-remscheid.de\/?page_id=5388"},"modified":"2025-07-18T08:36:04","modified_gmt":"2025-07-18T06:36:04","slug":"karriere-03","status":"publish","type":"page","link":"https:\/\/willy-remscheid.de\/en\/karriere-03\/","title":{"rendered":"Karriere: Schleifer und Polierer (m\/w\/d)"},"content":{"rendered":"<p>[et_pb_section fb_built=&#8221;1&#8243; fullwidth=&#8221;on&#8221; _builder_version=&#8221;4.16&#8243; global_colors_info=&#8221;{}&#8221;][et_pb_fullwidth_slider _builder_version=&#8221;4.27.4&#8243; _module_preset=&#8221;default&#8221; header_level=&#8221;h1&#8243; body_text_color=&#8221;#FFFFFF&#8221; body_font_size=&#8221;44px&#8221; body_line_height=&#8221;1.6em&#8221; background_image=&#8221;https:\/\/willy-remscheid.de\/wp-content\/uploads\/wr-master-slider.png&#8221; height=&#8221;499px&#8221; height_tablet=&#8221;499px&#8221; height_phone=&#8221;300px&#8221; height_last_edited=&#8221;on|phone&#8221; max_height_tablet=&#8221;&#8221; max_height_phone=&#8221;&#8221; max_height_last_edited=&#8221;on|desktop&#8221; body_font_last_edited=&#8221;off|desktop&#8221; body_font_size_tablet=&#8221;44px&#8221; body_font_size_phone=&#8221;33px&#8221; body_font_size_last_edited=&#8221;on|phone&#8221; body_line_height_tablet=&#8221;1.6em&#8221; body_line_height_phone=&#8221;1.5em&#8221; body_line_height_last_edited=&#8221;on|desktop&#8221; header_text_shadow_style=&#8221;preset1&#8243; body_text_shadow_style=&#8221;preset1&#8243; global_colors_info=&#8221;{}&#8221;][et_pb_slide _builder_version=&#8221;4.27.4&#8243; _module_preset=&#8221;default&#8221; global_colors_info=&#8221;{}&#8221; sticky_transition=&#8221;on&#8221;]<\/p>\n<p>Karriere bei Willy Remscheid<\/p>\n<p>[\/et_pb_slide][\/et_pb_fullwidth_slider][\/et_pb_section][et_pb_section fb_built=&#8221;1&#8243; custom_padding_last_edited=&#8221;on|desktop&#8221; admin_label=&#8221;section&#8221; module_id=&#8221;qualitaet&#8221; _builder_version=&#8221;4.16&#8243; custom_padding_tablet=&#8221;50px|0|50px|0&#8243; custom_padding_phone=&#8221;&#8221; global_colors_info=&#8221;{}&#8221;][et_pb_row admin_label=&#8221;row&#8221; _builder_version=&#8221;4.16&#8243; background_size=&#8221;initial&#8221; background_position=&#8221;top_left&#8221; background_repeat=&#8221;repeat&#8221; collapsed=&#8221;off&#8221; global_colors_info=&#8221;{}&#8221;][et_pb_column type=&#8221;4_4&#8243; _builder_version=&#8221;4.16&#8243; custom_padding=&#8221;|||&#8221; global_colors_info=&#8221;{}&#8221; custom_padding__hover=&#8221;|||&#8221;][et_pb_text _builder_version=&#8221;4.27.4&#8243; background_size=&#8221;initial&#8221; background_position=&#8221;top_left&#8221; background_repeat=&#8221;repeat&#8221; use_border_color=&#8221;off&#8221; border_color=&#8221;#ffffff&#8221; border_style=&#8221;solid&#8221; global_colors_info=&#8221;{}&#8221;]<\/p>\n<h1>Schleifer und Polierer (m\/w\/d)<\/h1>\n<p>[\/et_pb_text][\/et_pb_column][\/et_pb_row][et_pb_row column_structure=&#8221;2_3,1_3&#8243; _builder_version=&#8221;4.27.4&#8243; _module_preset=&#8221;default&#8221; global_colors_info=&#8221;{}&#8221;][et_pb_column type=&#8221;2_3&#8243; _builder_version=&#8221;4.27.4&#8243; _module_preset=&#8221;default&#8221; global_colors_info=&#8221;{}&#8221;][et_pb_text _builder_version=&#8221;4.27.4&#8243; _module_preset=&#8221;default&#8221; global_colors_info=&#8221;{}&#8221;]<\/p>\n<p>Wir suchen Verst\u00e4rkung f\u00fcr unser Team!<\/p>\n<h2>\u00dcber uns<\/h2>\n<p>Wir sind ein f\u00fchrendes Unternehmen im Bereich der Oberfl\u00e4chenbearbeitung und zeichnen uns durch innovative L\u00f6sungen sowie h\u00f6chste Kundenzufriedenheit aus. Zur weiteren Verst\u00e4rkung unseres engagierten Teams suchen wir motivierte Kolleginnen und Kollegen, die gemeinsam mit uns neue Ma\u00dfst\u00e4be setzen m\u00f6chten. Werden Sie Teil unserer Erfolgsgeschichte und gestalten Sie mit uns die Zukunft der Oberfl\u00e4chenbearbeitung!<\/p>\n<h2>Ihre Aufgaben<\/h2>\n<ul>\n<li>Schleifen und Polieren von Metallteilen am Bock<\/li>\n<li>Visuelle Kontrolle und Beurteilung der bearbeiteten Bauteile<\/li>\n<li>Einhaltung von Arbeits- und Verpackungsanweisungen<\/li>\n<li>Gewissenhafte und sorgf\u00e4ltige Arbeitsweise<\/li>\n<li>Dokumentation von Fehleraufschreibungen<\/li>\n<li>Deklaration der gefertigten Ware<\/li>\n<li>Buchung bearbeiteter Betriebsauftr\u00e4ge<\/li>\n<li>Verantwortung f\u00fcr Sicherheit, Ordnung und Sauberkeit am Arbeitsplatz<\/li>\n<li>\u00dcbernahme von Sonderaufgaben nach Anweisung der SPZ-Leitung<\/li>\n<\/ul>\n<h2>Ihre Kenntnisse und F\u00e4higkeiten<\/h2>\n<ul>\n<li>Mehrj\u00e4hrige Berufserfahrung im Schleifen und Polieren von Metallteilen am Bock<\/li>\n<li>Handwerkliches Geschick und sicherer Umgang im Aufgabengebiet<\/li>\n<li>Gute Seh- und Urteilskraft zur Qualit\u00e4tskontrolle<\/li>\n<li>Sehr gute Deutschkenntnisse in Wort und Schrift<\/li>\n<\/ul>\n<h2>Was Sie mitbringen<\/h2>\n<ul>\n<li>Bereitschaft zur Einarbeitung in ein abwechslungsreiches und vielf\u00e4ltiges Aufgabengebiet<\/li>\n<li>Selbstst\u00e4ndige und eigenverantwortliche Arbeitsweise<\/li>\n<li>Ausgepr\u00e4gte Teamf\u00e4higkeit, Flexibilit\u00e4t und hohe Zuverl\u00e4ssigkeit<\/li>\n<\/ul>\n<h2>Wir bieten<\/h2>\n<ul>\n<li>Eine abwechslungsreiche und verantwortungsvolle T\u00e4tigkeit in einem zukunftsorientierten Unternehmen<\/li>\n<li>Einen sicheren Arbeitsplatz mit langfristiger Perspektive<\/li>\n<li>Ein motiviertes und kollegiales Team, das Sie herzlich aufnimmt<\/li>\n<li>Attraktive Verg\u00fctung sowie umfangreiche Sozialleistungen<\/li>\n<li>Vielf\u00e4ltige Weiterbildungsm\u00f6glichkeiten und Karrierechancen<\/li>\n<\/ul>\n<h2>Bewerbung<\/h2>\n<p>Haben wir Ihr Interesse geweckt? Dann freuen wir uns auf Ihre aussagekr\u00e4ftige Bewerbung mit Lebenslauf und Zeugnissen. Bitte senden Sie Ihre Unterlagen per E-Mail an <a href=\"mailto:bewerbung@willy-remscheid.de\">bewerbung@willy-remscheid.de<\/a>.<\/p>\n<p>Wir freuen uns darauf, Sie kennenzulernen!<\/p>\n<p>[\/et_pb_text][\/et_pb_column][et_pb_column type=&#8221;1_3&#8243; _builder_version=&#8221;4.27.4&#8243; _module_preset=&#8221;default&#8221; global_colors_info=&#8221;{}&#8221;][et_pb_text _builder_version=&#8221;4.27.4&#8243; _module_preset=&#8221;default&#8221; background_color=&#8221;#e9e9e9&#8243; custom_margin=&#8221;||||false|false&#8221; custom_padding=&#8221;20px|20px|20px|20px|true|true&#8221; hover_enabled=&#8221;0&#8243; border_radii=&#8221;on|10px|10px|10px|10px&#8221; border_color_all=&#8221;#e02b20&#8243; global_colors_info=&#8221;{}&#8221; sticky_enabled=&#8221;0&#8243;]<span style=\"color: #cc0000;\">Willy Remscheid<br \/>\n<\/span><span style=\"color: #cc0000;\">Galvanische Anstalt GmbH<\/span><br \/>\nL\u00fcneschlo\u00dfstra\u00dfe 73<br \/>\n42657 Solingen<br \/>\nDeutschland<\/p>\n<p><a href=\"mailto:bewerbung@willy-remscheid.de\">bewerbung@willy-remscheid.de<\/a><br \/>\n<a href=\"https:\/\/www.willy-remscheid.de\">www.willy-remscheid.de<\/a><\/p>\n<p>Social Media:<br \/>\n<a href=\"https:\/\/www.facebook.com\/willyremscheid\/\" target=\"_blank\" rel=\"noopener\"><img wpfc-lazyload-disable=\"true\" loading=\"lazy\" decoding=\"async\" src=\"https:\/\/willy-remscheid.de\/wp-content\/uploads\/fb-red.png\" width=\"25\" height=\"25\" alt=\"\" class=\"wp-image-5493 alignnone size-full\" \/><\/a> <a href=\"https:\/\/www.linkedin.com\/company\/willyremscheid\/\" target=\"_blank\" rel=\"noopener\"><img wpfc-lazyload-disable=\"true\" loading=\"lazy\" decoding=\"async\" src=\"https:\/\/willy-remscheid.de\/wp-content\/uploads\/in-red.png\" width=\"25\" height=\"25\" alt=\"\" class=\"wp-image-5497 alignnone size-medium\" \/><\/a> <a href=\"https:\/\/www.instagram.com\/willyremscheid\/\" target=\"_blank\" rel=\"noopener\"><img wpfc-lazyload-disable=\"true\" loading=\"lazy\" decoding=\"async\" src=\"https:\/\/willy-remscheid.de\/wp-content\/uploads\/ig-red.png\" width=\"25\" height=\"25\" alt=\"\" class=\"wp-image-5495 alignnone size-full\" \/><\/a> <a href=\"https:\/\/www.xing.com\/companies\/willyremscheidgalvanischeanstaltgmbh\/\" target=\"_blank\" rel=\"noopener\"><img wpfc-lazyload-disable=\"true\" loading=\"lazy\" decoding=\"async\" src=\"https:\/\/willy-remscheid.de\/wp-content\/uploads\/xing-red.png\" width=\"25\" height=\"25\" alt=\"\" class=\"wp-image-5499 alignnone size-medium\" \/><\/a>[\/et_pb_text][\/et_pb_column][\/et_pb_row][\/et_pb_section]<\/p>\n","protected":false},"excerpt":{"rendered":"<p>Karriere bei Willy RemscheidSchleifer und Polierer (m\/w\/d)Wir suchen Verst\u00e4rkung f\u00fcr unser Team! \u00dcber uns Wir sind ein f\u00fchrendes Unternehmen im Bereich der Oberfl\u00e4chenbearbeitung und zeichnen uns durch innovative L\u00f6sungen sowie h\u00f6chste Kundenzufriedenheit aus. Zur weiteren Verst\u00e4rkung unseres engagierten Teams suchen wir motivierte Kolleginnen und Kollegen, die gemeinsam mit uns neue Ma\u00dfst\u00e4be setzen m\u00f6chten. Werden Sie [&hellip;]<\/p>\n","protected":false},"author":13,"featured_media":0,"parent":0,"menu_order":0,"comment_status":"closed","ping_status":"closed","template":"","meta":{"_et_pb_use_builder":"on","_et_pb_old_content":"","_et_gb_content_width":"","slim_seo":{"title":"Karriere: Schleifer und Polierer (m\/w\/d) - Willy Remscheid","description":"Karriere bei Willy Remscheid Schleifer und Polierer (m\/w\/d) Wir suchen Verst\u00e4rkung f\u00fcr unser Team! \u00dcber uns Wir sind ein f\u00fchrendes Unternehmen im Bereich der Ob"},"footnotes":""},"class_list":["post-5388","page","type-page","status-publish","hentry"],"_links":{"self":[{"href":"https:\/\/willy-remscheid.de\/en\/wp-json\/wp\/v2\/pages\/5388","targetHints":{"allow":["GET"]}}],"collection":[{"href":"https:\/\/willy-remscheid.de\/en\/wp-json\/wp\/v2\/pages"}],"about":[{"href":"https:\/\/willy-remscheid.de\/en\/wp-json\/wp\/v2\/types\/page"}],"author":[{"embeddable":true,"href":"https:\/\/willy-remscheid.de\/en\/wp-json\/wp\/v2\/users\/13"}],"replies":[{"embeddable":true,"href":"https:\/\/willy-remscheid.de\/en\/wp-json\/wp\/v2\/comments?post=5388"}],"version-history":[{"count":0,"href":"https:\/\/willy-remscheid.de\/en\/wp-json\/wp\/v2\/pages\/5388\/revisions"}],"wp:attachment":[{"href":"https:\/\/willy-remscheid.de\/en\/wp-json\/wp\/v2\/media?parent=5388"}],"curies":[{"name":"wp","href":"https:\/\/api.w.org\/{rel}","templated":true}]}}