{"id":5639,"date":"2025-04-30T09:10:21","date_gmt":"2025-04-30T07:10:21","guid":{"rendered":"https:\/\/willy-remscheid.de\/impressum\/"},"modified":"2025-07-18T08:19:08","modified_gmt":"2025-07-18T06:19:08","slug":"imprint","status":"publish","type":"page","link":"https:\/\/willy-remscheid.de\/en\/imprint\/","title":{"rendered":"Imprint"},"content":{"rendered":"<p>[et_pb_section fb_built=&#8221;1&#8243; fullwidth=&#8221;on&#8221; _builder_version=&#8221;4.16&#8243; global_colors_info=&#8221;{}&#8221;][et_pb_fullwidth_slider _builder_version=&#8221;4.27.4&#8243; _module_preset=&#8221;default&#8221; header_level=&#8221;h1&#8243; body_text_color=&#8221;#FFFFFF&#8221; body_font_size=&#8221;44px&#8221; body_line_height=&#8221;1.6em&#8221; background_image=&#8221;https:\/\/willy-remscheid.de\/wp-content\/uploads\/wr-master-slider.png&#8221; height=&#8221;499px&#8221; height_tablet=&#8221;499px&#8221; height_phone=&#8221;300px&#8221; height_last_edited=&#8221;on|phone&#8221; max_height_tablet=&#8221;&#8221; max_height_phone=&#8221;&#8221; max_height_last_edited=&#8221;on|desktop&#8221; body_font_last_edited=&#8221;off|desktop&#8221; body_font_size_tablet=&#8221;44px&#8221; body_font_size_phone=&#8221;33px&#8221; body_font_size_last_edited=&#8221;on|phone&#8221; body_line_height_tablet=&#8221;1.6em&#8221; body_line_height_phone=&#8221;1.5em&#8221; body_line_height_last_edited=&#8221;on|desktop&#8221; header_text_shadow_style=&#8221;preset1&#8243; body_text_shadow_style=&#8221;preset1&#8243; global_colors_info=&#8221;{}&#8221;][et_pb_slide _builder_version=&#8221;4.27.4&#8243; _module_preset=&#8221;default&#8221; global_colors_info=&#8221;{}&#8221; sticky_transition=&#8221;on&#8221;]Imprint[\/et_pb_slide][\/et_pb_fullwidth_slider][\/et_pb_section][et_pb_section fb_built=&#8221;1&#8243; custom_padding_last_edited=&#8221;on|desktop&#8221; admin_label=&#8221;section&#8221; module_id=&#8221;qualitaet&#8221; _builder_version=&#8221;4.16&#8243; custom_padding_tablet=&#8221;50px|0|50px|0&#8243; custom_padding_phone=&#8221;&#8221; global_colors_info=&#8221;{}&#8221;][et_pb_row admin_label=&#8221;row&#8221; _builder_version=&#8221;4.16&#8243; background_size=&#8221;initial&#8221; background_position=&#8221;top_left&#8221; background_repeat=&#8221;repeat&#8221; collapsed=&#8221;off&#8221; global_colors_info=&#8221;{}&#8221;][et_pb_column type=&#8221;4_4&#8243; _builder_version=&#8221;4.16&#8243; custom_padding=&#8221;|||&#8221; global_colors_info=&#8221;{}&#8221; custom_padding__hover=&#8221;|||&#8221;][et_pb_text _builder_version=&#8221;4.27.4&#8243; background_size=&#8221;initial&#8221; background_position=&#8221;top_left&#8221; background_repeat=&#8221;repeat&#8221; use_border_color=&#8221;off&#8221; border_color=&#8221;#ffffff&#8221; border_style=&#8221;solid&#8221; global_colors_info=&#8221;{}&#8221;]<\/p>\n<h1>Imprint<\/h1>\n<p>[\/et_pb_text][\/et_pb_column][\/et_pb_row][et_pb_row column_structure=&#8221;2_3,1_3&#8243; _builder_version=&#8221;4.27.4&#8243; _module_preset=&#8221;default&#8221; global_colors_info=&#8221;{}&#8221;][et_pb_column type=&#8221;2_3&#8243; _builder_version=&#8221;4.27.4&#8243; _module_preset=&#8221;default&#8221; global_colors_info=&#8221;{}&#8221;][et_pb_text _builder_version=&#8221;4.27.4&#8243; _module_preset=&#8221;default&#8221; global_colors_info=&#8221;{}&#8221;]<\/p>\n<h2>Legal notice<\/h2>\n<p>Willy Remscheid Galvanische Anstalt GmbH<br \/>L\u00fcneschlo\u00dfstra\u00dfe 73<br \/>42657 Solingen<br \/>Germany<\/p>\n<p>Phone: +49 (0) 212 \/ 248 41-0<br \/>Fax: +49 (0) 212 \/ 248 41-10<br \/><a href=\"mailto:info@willy-remscheid.de\">info@willy-remscheid.de<\/a><\/p>\n<p>Managing Director: Thomas Linke<br \/>Company Register: Amtsgericht Wuppertal \u2013 HRB 15979<\/p>\n<p>VAT identification number: DE814962344<\/p>\n<p>Our general terms and conditions (AGB) as a <a href=\"https:\/\/willy-remscheid.de\/wp-content\/uploads\/2019\/08\/2019-08-Willy-Remscheid_Allgemeine-Geschaefts-und-Lieferbedingungen.pdf\">PDF file<\/a>.<\/p>\n<p>Design: rohdeheise Kommunikation<br \/><a href=\"https:\/\/www.rohdeheise.de\/\" target=\"_blank\" rel=\"noopener\">www.rohdeheise.de<\/a><\/p>\n<h2>Disclaimer<\/h2>\n<p class=\"contentblack\"><strong>1. Contents of this website<\/strong><\/p>\n<p class=\"contentblack\">The content of this website has been created with the greatest possible care. However, the provider assumes no liability for the accuracy, completeness and timeliness of the content provided. The use of the contents of the website is at the user\u2019s own risk. Contributions identified by name reflect the opinion of the respective author and not always the opinion of the provider.<\/p>\n<p><strong>2. External links<\/strong><\/p>\n<p>This website contains links to third-party websites (\u201cexternal links\u201d). These websites are subject to the liability of the respective operators. When the external links were first created, the provider checked the external content for any legal violations. No legal violations were apparent at the time. The provider has no influence whatsoever on the current and future design and content of the linked pages. The inclusion of external links does not mean that the provider adopts the content behind the reference or link as its own. It is not reasonable for the provider to constantly monitor these external links without concrete evidence of legal violations. However, such external links will be deleted immediately if we become aware of any legal infringements.<\/p>\n<p><strong>3. Copyright<\/strong><\/p>\n<p>The content published on this website is subject to German copyright and ancillary copyright law. Any use not permitted by German copyright and ancillary copyright law requires the prior written consent of the provider or the respective rights holder. This applies in particular to the duplication, editing, translation, storage, processing or reproduction of content in databases or other electronic media and systems. Third-party content and rights are identified as such. The unauthorized reproduction or distribution of individual contents or complete pages is not permitted and is punishable by law. Only the production of copies and downloads for personal, private and non-commercial use is permitted.<\/p>\n<p>Links to the provider\u2019s website are welcome at any time and do not require the consent of the website provider. The display of this website in external frames is not permitted!<\/p>\n<p><strong>4. Dispute \/ Arbitration<\/strong><\/p>\n<p>As we work exclusively for business customers, we are not obliged to participate in dispute resolution proceedings before a consumer arbitration board.<\/p>\n<p>[\/et_pb_text][\/et_pb_column][et_pb_column type=&#8221;1_3&#8243; _builder_version=&#8221;4.27.4&#8243; _module_preset=&#8221;default&#8221; global_colors_info=&#8221;{}&#8221;][et_pb_text _builder_version=&#8221;4.27.4&#8243; _module_preset=&#8221;default&#8221; background_color=&#8221;#e9e9e9&#8243; custom_margin=&#8221;||||false|false&#8221; custom_padding=&#8221;20px|20px|20px|20px|true|true&#8221; hover_enabled=&#8221;0&#8243; border_radii=&#8221;on|10px|10px|10px|10px&#8221; border_color_all=&#8221;#e02b20&#8243; global_colors_info=&#8221;{}&#8221; sticky_enabled=&#8221;0&#8243;]<\/p>\n<h2>How to reach us<\/h2>\n<p>Phone: +49 (0) 212 \/ 248 41-0<br \/>\nFax: +49 (0) 212 \/ 248 41-10<br \/>\n<a href=\"mailto:info@willy-remscheid.de\">info@willy-remscheid.de<\/a><br \/>\n<a href=\"https:\/\/www.willy-remscheid.de\">www.willy-remscheid.de<\/a><\/p>\n<p>Social Media:<br \/>\n<a href=\"https:\/\/www.facebook.com\/willyremscheid\/\" target=\"_blank\" rel=\"noopener\"><img wpfc-lazyload-disable=\"true\" loading=\"lazy\" decoding=\"async\" src=\"https:\/\/willy-remscheid.de\/wp-content\/uploads\/fb-red.png\" width=\"25\" height=\"25\" alt=\"\" class=\"wp-image-5493 alignnone size-full\" \/><\/a> <a href=\"https:\/\/www.linkedin.com\/company\/willyremscheid\/\" target=\"_blank\" rel=\"noopener\"><img wpfc-lazyload-disable=\"true\" loading=\"lazy\" decoding=\"async\" src=\"https:\/\/willy-remscheid.de\/wp-content\/uploads\/in-red.png\" width=\"25\" height=\"25\" alt=\"\" class=\"wp-image-5497 alignnone size-medium\" \/><\/a> <a href=\"https:\/\/www.instagram.com\/willyremscheid\/\" target=\"_blank\" rel=\"noopener\"><img wpfc-lazyload-disable=\"true\" loading=\"lazy\" decoding=\"async\" src=\"https:\/\/willy-remscheid.de\/wp-content\/uploads\/ig-red.png\" width=\"25\" height=\"25\" alt=\"\" class=\"wp-image-5495 alignnone size-full\" \/><\/a> <a href=\"https:\/\/www.xing.com\/companies\/willyremscheidgalvanischeanstaltgmbh\/\" target=\"_blank\" rel=\"noopener\"><img wpfc-lazyload-disable=\"true\" loading=\"lazy\" decoding=\"async\" src=\"https:\/\/willy-remscheid.de\/wp-content\/uploads\/xing-red.png\" width=\"25\" height=\"25\" alt=\"\" class=\"wp-image-5499 alignnone size-medium\" \/><\/a><\/p>\n<p>Business hours:<br \/>\nMonday \u2013 Friday<br \/>\n8:00 a.m. \u2013 4:30 p.m.[\/et_pb_text][\/et_pb_column][\/et_pb_row][\/et_pb_section]<\/p>\n","protected":false},"excerpt":{"rendered":"<p>ImprintImprintLegal notice Willy Remscheid Galvanische Anstalt GmbHL\u00fcneschlo\u00dfstra\u00dfe 7342657 SolingenGermany Phone: +49 (0) 212 \/ 248 41-0Fax: +49 (0) 212 \/ 248 41-10info@willy-remscheid.de Managing Director: Thomas LinkeCompany Register: Amtsgericht Wuppertal \u2013 HRB 15979 VAT identification number: DE814962344 Our general terms and conditions (AGB) as a PDF file. Design: rohdeheise Kommunikationwww.rohdeheise.de Disclaimer 1. Contents of this website [&hellip;]<\/p>\n","protected":false},"author":13,"featured_media":0,"parent":0,"menu_order":0,"comment_status":"closed","ping_status":"closed","template":"","meta":{"_et_pb_use_builder":"on","_et_pb_old_content":"","_et_gb_content_width":"","slim_seo":{"title":"Imprint - Willy Remscheid","description":"Imprint Imprint Legal notice Willy Remscheid Galvanische Anstalt GmbH L\u00fcneschlo\u00dfstra\u00dfe 73 42657 Solingen Germany Phone: +49 (0) 212 \/ 248 41-0 Fax: +49 (0) 212"},"footnotes":""},"class_list":["post-5639","page","type-page","status-publish","hentry"],"_links":{"self":[{"href":"https:\/\/willy-remscheid.de\/en\/wp-json\/wp\/v2\/pages\/5639","targetHints":{"allow":["GET"]}}],"collection":[{"href":"https:\/\/willy-remscheid.de\/en\/wp-json\/wp\/v2\/pages"}],"about":[{"href":"https:\/\/willy-remscheid.de\/en\/wp-json\/wp\/v2\/types\/page"}],"author":[{"embeddable":true,"href":"https:\/\/willy-remscheid.de\/en\/wp-json\/wp\/v2\/users\/13"}],"replies":[{"embeddable":true,"href":"https:\/\/willy-remscheid.de\/en\/wp-json\/wp\/v2\/comments?post=5639"}],"version-history":[{"count":0,"href":"https:\/\/willy-remscheid.de\/en\/wp-json\/wp\/v2\/pages\/5639\/revisions"}],"wp:attachment":[{"href":"https:\/\/willy-remscheid.de\/en\/wp-json\/wp\/v2\/media?parent=5639"}],"curies":[{"name":"wp","href":"https:\/\/api.w.org\/{rel}","templated":true}]}}