{"id":6159,"date":"2025-04-24T13:36:31","date_gmt":"2025-04-24T11:36:31","guid":{"rendered":"https:\/\/willy-remscheid.de\/karriere\/"},"modified":"2025-09-11T10:49:38","modified_gmt":"2025-09-11T08:49:38","slug":"career","status":"publish","type":"page","link":"https:\/\/willy-remscheid.de\/en\/career\/","title":{"rendered":"Career"},"content":{"rendered":"<p>[et_pb_section fb_built=&#8221;1&#8243; fullwidth=&#8221;on&#8221; _builder_version=&#8221;4.16&#8243; global_colors_info=&#8221;{}&#8221;][et_pb_fullwidth_slider _builder_version=&#8221;4.27.4&#8243; _module_preset=&#8221;default&#8221; header_level=&#8221;h1&#8243; body_text_color=&#8221;#FFFFFF&#8221; body_font_size=&#8221;44px&#8221; body_line_height=&#8221;1.6em&#8221; background_image=&#8221;https:\/\/willy-remscheid.de\/wp-content\/uploads\/wr-master-slider.png&#8221; height=&#8221;499px&#8221; height_tablet=&#8221;499px&#8221; height_phone=&#8221;300px&#8221; height_last_edited=&#8221;on|phone&#8221; max_height_tablet=&#8221;&#8221; max_height_phone=&#8221;&#8221; max_height_last_edited=&#8221;on|desktop&#8221; body_font_last_edited=&#8221;off|desktop&#8221; body_font_size_tablet=&#8221;33px&#8221; body_font_size_phone=&#8221;22px&#8221; body_font_size_last_edited=&#8221;on|tablet&#8221; body_line_height_tablet=&#8221;1.6em&#8221; body_line_height_phone=&#8221;1.5em&#8221; body_line_height_last_edited=&#8221;on|desktop&#8221; header_text_shadow_style=&#8221;preset1&#8243; body_text_shadow_style=&#8221;preset1&#8243; global_colors_info=&#8221;{}&#8221;][et_pb_slide _builder_version=&#8221;4.27.4&#8243; _module_preset=&#8221;default&#8221; global_colors_info=&#8221;{}&#8221; sticky_transition=&#8221;on&#8221;]<\/p>\n<p>Career at Willy Remscheid<\/p>\n<p>[\/et_pb_slide][\/et_pb_fullwidth_slider][\/et_pb_section][et_pb_section fb_built=&#8221;1&#8243; custom_padding_last_edited=&#8221;on|desktop&#8221; admin_label=&#8221;section&#8221; module_id=&#8221;qualitaet&#8221; _builder_version=&#8221;4.16&#8243; custom_padding_tablet=&#8221;50px|0|50px|0&#8243; custom_padding_phone=&#8221;&#8221; global_colors_info=&#8221;{}&#8221;][et_pb_row admin_label=&#8221;row&#8221; _builder_version=&#8221;4.16&#8243; background_size=&#8221;initial&#8221; background_position=&#8221;top_left&#8221; background_repeat=&#8221;repeat&#8221; collapsed=&#8221;off&#8221; global_colors_info=&#8221;{}&#8221;][et_pb_column type=&#8221;4_4&#8243; _builder_version=&#8221;4.16&#8243; custom_padding=&#8221;|||&#8221; global_colors_info=&#8221;{}&#8221; custom_padding__hover=&#8221;|||&#8221;][et_pb_text _builder_version=&#8221;4.27.4&#8243; background_size=&#8221;initial&#8221; background_position=&#8221;top_left&#8221; background_repeat=&#8221;repeat&#8221; use_border_color=&#8221;off&#8221; border_color=&#8221;#ffffff&#8221; border_style=&#8221;solid&#8221; global_colors_info=&#8221;{}&#8221;]<\/p>\n<h1>We are looking to strengthen our team!<\/h1>\n<p>[\/et_pb_text][\/et_pb_column][\/et_pb_row][et_pb_row column_structure=&#8221;2_3,1_3&#8243; _builder_version=&#8221;4.27.4&#8243; _module_preset=&#8221;default&#8221; global_colors_info=&#8221;{}&#8221;][et_pb_column type=&#8221;2_3&#8243; _builder_version=&#8221;4.27.4&#8243; _module_preset=&#8221;default&#8221; global_colors_info=&#8221;{}&#8221;][et_pb_text _builder_version=&#8221;4.27.4&#8243; _module_preset=&#8221;default&#8221; hover_enabled=&#8221;0&#8243; global_colors_info=&#8221;{}&#8221; sticky_enabled=&#8221;0&#8243;]<\/p>\n<p>We are a leading company in the field of surface treatment and are characterised by innovative solutions and maximum customer satisfaction. To further strengthen our dedicated team, we are looking for motivated colleagues who would like to set new standards together with us. Become part of our success story and shape the future of surface treatment with us!<\/p>\n<p><strong>The positions are for our location in Solingen, Germany.<\/strong><\/p>\n<h2>Open positions<\/h2>\n<p><a href=\"https:\/\/willy-remscheid.de\/karriere-02\/\" rel=\"attachment noopener noreferrer wp-att-2915\">Programmierer (m\/w\/d) f\u00fcr Schleif- und Polierroboter<\/a><\/p>\n<p><a href=\"https:\/\/willy-remscheid.de\/karriere-03\/\" rel=\"noopener noreferrer\">Schleifer und Polierer (m\/w\/d)<\/a><\/p>\n<p><a href=\"https:\/\/willy-remscheid.de\/ausbildung-01\/\">Ausbildung zum Oberfl\u00e4chenbeschichter (m\/w\/d)<\/a><\/p>\n<p>We look forward to getting to know you!<\/p>\n<p>[\/et_pb_text][\/et_pb_column][et_pb_column type=&#8221;1_3&#8243; _builder_version=&#8221;4.27.4&#8243; _module_preset=&#8221;default&#8221; global_colors_info=&#8221;{}&#8221;][et_pb_text _builder_version=&#8221;4.27.4&#8243; _module_preset=&#8221;default&#8221; background_color=&#8221;#e9e9e9&#8243; custom_margin=&#8221;||||false|false&#8221; custom_padding=&#8221;20px|20px|20px|20px|true|true&#8221; border_radii=&#8221;on|10px|10px|10px|10px&#8221; border_color_all=&#8221;#e02b20&#8243; global_colors_info=&#8221;{}&#8221;]<span style=\"color: #cc0000;\">Willy Remscheid<br \/>\n<\/span><span style=\"color: #cc0000;\">Galvanische Anstalt GmbH<\/span><br \/>\nL\u00fcneschlo\u00dfstra\u00dfe 73<br \/>\n42657 Solingen<br \/>\nGermany<\/p>\n<p><a href=\"mailto:bewerbung@willy-remscheid.de\">bewerbung@willy-remscheid.de<\/a><br \/>\n<a href=\"https:\/\/www.willy-remscheid.de\">www.willy-remscheid.de<\/a><\/p>\n<p>Social Media:<br \/>\n<a href=\"https:\/\/www.facebook.com\/willyremscheid\/\" target=\"_blank\" rel=\"noopener\"><img wpfc-lazyload-disable=\"true\" loading=\"lazy\" decoding=\"async\" src=\"https:\/\/willy-remscheid.de\/wp-content\/uploads\/fb-red.png\" width=\"25\" height=\"25\" alt=\"\" class=\"wp-image-5493 alignnone size-full\" \/><\/a> <a href=\"https:\/\/www.linkedin.com\/company\/willyremscheid\/\" target=\"_blank\" rel=\"noopener\"><img wpfc-lazyload-disable=\"true\" loading=\"lazy\" decoding=\"async\" src=\"https:\/\/willy-remscheid.de\/wp-content\/uploads\/in-red.png\" width=\"25\" height=\"25\" alt=\"\" class=\"wp-image-5497 alignnone size-medium\" \/><\/a> <a href=\"https:\/\/www.instagram.com\/willyremscheid\/\" target=\"_blank\" rel=\"noopener\"><img wpfc-lazyload-disable=\"true\" loading=\"lazy\" decoding=\"async\" src=\"https:\/\/willy-remscheid.de\/wp-content\/uploads\/ig-red.png\" width=\"25\" height=\"25\" alt=\"\" class=\"wp-image-5495 alignnone size-full\" \/><\/a> <a href=\"https:\/\/www.xing.com\/companies\/willyremscheidgalvanischeanstaltgmbh\/\" target=\"_blank\" rel=\"noopener\"><img wpfc-lazyload-disable=\"true\" loading=\"lazy\" decoding=\"async\" src=\"https:\/\/willy-remscheid.de\/wp-content\/uploads\/xing-red.png\" width=\"25\" height=\"25\" alt=\"\" class=\"wp-image-5499 alignnone size-medium\" \/><\/a>[\/et_pb_text][\/et_pb_column][\/et_pb_row][\/et_pb_section]<\/p>\n","protected":false},"excerpt":{"rendered":"<p>Career at Willy RemscheidWe are looking to strengthen our team!We are a leading company in the field of surface treatment and are characterised by innovative solutions and maximum customer satisfaction. To further strengthen our dedicated team, we are looking for motivated colleagues who would like to set new standards together with us. Become part of [&hellip;]<\/p>\n","protected":false},"author":13,"featured_media":0,"parent":0,"menu_order":0,"comment_status":"closed","ping_status":"closed","template":"","meta":{"_et_pb_use_builder":"on","_et_pb_old_content":"","_et_gb_content_width":"","slim_seo":{"title":"Career - Willy Remscheid","description":"Career at Willy Remscheid We are looking to strengthen our team! We are a leading company in the field of surface treatment and are characterised by innovative"},"footnotes":""},"class_list":["post-6159","page","type-page","status-publish","hentry"],"_links":{"self":[{"href":"https:\/\/willy-remscheid.de\/en\/wp-json\/wp\/v2\/pages\/6159","targetHints":{"allow":["GET"]}}],"collection":[{"href":"https:\/\/willy-remscheid.de\/en\/wp-json\/wp\/v2\/pages"}],"about":[{"href":"https:\/\/willy-remscheid.de\/en\/wp-json\/wp\/v2\/types\/page"}],"author":[{"embeddable":true,"href":"https:\/\/willy-remscheid.de\/en\/wp-json\/wp\/v2\/users\/13"}],"replies":[{"embeddable":true,"href":"https:\/\/willy-remscheid.de\/en\/wp-json\/wp\/v2\/comments?post=6159"}],"version-history":[{"count":0,"href":"https:\/\/willy-remscheid.de\/en\/wp-json\/wp\/v2\/pages\/6159\/revisions"}],"wp:attachment":[{"href":"https:\/\/willy-remscheid.de\/en\/wp-json\/wp\/v2\/media?parent=6159"}],"curies":[{"name":"wp","href":"https:\/\/api.w.org\/{rel}","templated":true}]}}